{"id":1192,"date":"2021-06-17T16:24:35","date_gmt":"2021-06-17T14:24:35","guid":{"rendered":"https:\/\/sonofirst-trial.eu\/centres-recruteurs\/"},"modified":"2021-06-17T17:35:28","modified_gmt":"2021-06-17T15:35:28","slug":"recruiting-centres","status":"publish","type":"page","link":"https:\/\/sonofirst-trial.eu\/en\/recruiting-centres\/","title":{"rendered":"Recruiting centres"},"content":{"rendered":"<h2>France :<\/h2>\n<p><strong>PARIS<\/strong> &#8211; Piti\u00e9-Salp\u00eatri\u00e8re Hospital Group (AP-HP Sorbonne)<\/p>\n<p>47-86 bd de l&#8217;H\u00f4pital, 75013 PARIS<\/p>\n<p>Neuro-oncology: Pr Ahmed IDBAIH, MD, PhD Tel: +33 1 42 16 03 85<\/p>\n<p>Neurosurgery: Pr Alexandre CARPENTIER, MD, PhD Tel: +33 1 42 16 34 05<\/p>\n<p>&nbsp;<\/p>\n<p><strong>LYON<\/strong> &#8211; Hospices Civils de Lyon, Pierre Wertheimer Hospital<\/p>\n<p>59 Boulevard Pinel, 69500 BRON<\/p>\n<p>Neuro-oncology: Pr Fran\u00e7ois DUCRAY, MD, PhD Tel: +33 4 72 35 78 06<\/p>\n<p>Neurosurgery: Pr Jacques GUYOTAT, MD, PhD Tel: +33 4 72 35 75 71<\/p>\n<p>&nbsp;<\/p>\n<p><strong>MARSEILLE &#8211;<\/strong> La Timone, University Hospital<\/p>\n<p>264 Rue Saint-Pierre, 13385 MARSEILLE Cedex 5<\/p>\n<p>Neuro-oncology: Pr Olivier CHINOT, MD, PhD Tel: +33 4 91 38 65 69<\/p>\n<p>Neurosurgery: Pr Henry DUFOUR, MD, PhD Tel: +33 4 91 38 55 45<\/p>\n<p>&nbsp;<\/p>\n<p><strong>BORDEAUX &#8211;<\/strong> Saint-Andr\u00e9 Hospital Group (Pellegrin Hospital Group &#8211; CHU)<\/p>\n<p>Place Am\u00e9lie Raba L\u00e9on, 33000 Bordeaux<\/p>\n<p>Neuro-oncology: Dr Charlotte BRONNIMANN, MD Tel: +33 5 57 82 17 37<\/p>\n<p>Neurosurgery: Dr Julien ENGELHARDT, MD, PhD Tel: +33 5 56 79 56 79<\/p>\n<p>&nbsp;<\/p>\n<p><strong>ANGERS &#8211;<\/strong> University Hospital of Angers<\/p>\n<p>49000 Angers<\/p>\n<p>Oncology: Dr Paule AUGEREAU, MD Tel: +33 2 44 85 37 22<\/p>\n<p>Neurosurgery: Pr Philippe MENEI, MD, PhD Tel: +33 2 41 35 48 22<\/p>\n<p>&nbsp;<\/p>\n<h2>Belgium<\/h2>\n<p><strong>LEUVEN &#8211;<\/strong> Katholieke Universiteit Leuven<\/p>\n<p>UZ Herestraat 49, 3000 Leuven, BE<\/p>\n<p>Neuro-oncology : Pr Paul CLEMENT, MD, PhD Tel: +32 16 34 6912<\/p>\n<p>Neurosurgery : Pr Steve DE VLEESCHOUWER, MD, PhD Tel : +32 16 3 44290<\/p>\n<p>&nbsp;<\/p>\n<h2>Switzerland<\/h2>\n<p><strong>LAUSANNE &#8211;<\/strong> University Hospital of Vaud CHUV<\/p>\n<p>Department of Clinical Neurosciences<\/p>\n<p>Rue du Bugnon, 46 CH-1011 LAUSANNE, CH<\/p>\n<p>Neuro-oncology: Pr Andreas HOTTINGER, MD, PhD Tel: +41 21 314 6541<\/p>\n<p>Neurosurgery : Pr Marc LEVIVIER, MD, PhD Tel: +41 21 314 2602<\/p>\n","protected":false},"excerpt":{"rendered":"<p>France : PARIS &#8211; Piti\u00e9-Salp\u00eatri\u00e8re Hospital Group (AP-HP Sorbonne) 47-86 bd de l&#8217;H\u00f4pital, 75013 PARIS Neuro-oncology: Pr Ahmed IDBAIH, MD, [&hellip;]<\/p>\n","protected":false},"author":1,"featured_media":0,"parent":0,"menu_order":0,"comment_status":"closed","ping_status":"closed","template":"","meta":{"_acf_changed":false,"footnotes":""},"class_list":["post-1192","page","type-page","status-publish","hentry"],"acf":[],"yoast_head":"<!-- This site is optimized with the Yoast SEO plugin v27.4 - https:\/\/yoast.com\/product\/yoast-seo-wordpress\/ -->\n<title>Recruiting centres - SonoFirst<\/title>\n<meta name=\"robots\" content=\"index, follow, max-snippet:-1, max-image-preview:large, max-video-preview:-1\" \/>\n<link rel=\"canonical\" href=\"https:\/\/sonofirst-trial.eu\/en\/recruiting-centres\/\" \/>\n<meta property=\"og:locale\" content=\"en_US\" \/>\n<meta property=\"og:type\" content=\"article\" \/>\n<meta property=\"og:title\" content=\"Recruiting centres - SonoFirst\" \/>\n<meta property=\"og:description\" content=\"France : PARIS &#8211; Piti\u00e9-Salp\u00eatri\u00e8re Hospital Group (AP-HP Sorbonne) 47-86 bd de l&#8217;H\u00f4pital, 75013 PARIS Neuro-oncology: Pr Ahmed IDBAIH, MD, [&hellip;]\" \/>\n<meta property=\"og:url\" content=\"https:\/\/sonofirst-trial.eu\/en\/recruiting-centres\/\" \/>\n<meta property=\"og:site_name\" content=\"SonoFirst\" \/>\n<meta property=\"article:modified_time\" content=\"2021-06-17T15:35:28+00:00\" \/>\n<meta name=\"twitter:card\" content=\"summary_large_image\" \/>\n<meta name=\"twitter:label1\" content=\"Est. reading time\" \/>\n\t<meta name=\"twitter:data1\" content=\"1 minute\" \/>\n<script type=\"application\/ld+json\" class=\"yoast-schema-graph\">{\"@context\":\"https:\\\/\\\/schema.org\",\"@graph\":[{\"@type\":\"WebPage\",\"@id\":\"https:\\\/\\\/sonofirst-trial.eu\\\/en\\\/recruiting-centres\\\/\",\"url\":\"https:\\\/\\\/sonofirst-trial.eu\\\/en\\\/recruiting-centres\\\/\",\"name\":\"Recruiting centres - SonoFirst\",\"isPartOf\":{\"@id\":\"https:\\\/\\\/sonofirst-trial.eu\\\/en\\\/#website\"},\"datePublished\":\"2021-06-17T14:24:35+00:00\",\"dateModified\":\"2021-06-17T15:35:28+00:00\",\"breadcrumb\":{\"@id\":\"https:\\\/\\\/sonofirst-trial.eu\\\/en\\\/recruiting-centres\\\/#breadcrumb\"},\"inLanguage\":\"en-US\",\"potentialAction\":[{\"@type\":\"ReadAction\",\"target\":[\"https:\\\/\\\/sonofirst-trial.eu\\\/en\\\/recruiting-centres\\\/\"]}]},{\"@type\":\"BreadcrumbList\",\"@id\":\"https:\\\/\\\/sonofirst-trial.eu\\\/en\\\/recruiting-centres\\\/#breadcrumb\",\"itemListElement\":[{\"@type\":\"ListItem\",\"position\":1,\"name\":\"Accueil\",\"item\":\"https:\\\/\\\/sonofirst-trial.eu\\\/en\\\/\"},{\"@type\":\"ListItem\",\"position\":2,\"name\":\"Recruiting centres\"}]},{\"@type\":\"WebSite\",\"@id\":\"https:\\\/\\\/sonofirst-trial.eu\\\/en\\\/#website\",\"url\":\"https:\\\/\\\/sonofirst-trial.eu\\\/en\\\/\",\"name\":\"SonoFirst\",\"description\":\"supported by the European Union\",\"potentialAction\":[{\"@type\":\"SearchAction\",\"target\":{\"@type\":\"EntryPoint\",\"urlTemplate\":\"https:\\\/\\\/sonofirst-trial.eu\\\/en\\\/?s={search_term_string}\"},\"query-input\":{\"@type\":\"PropertyValueSpecification\",\"valueRequired\":true,\"valueName\":\"search_term_string\"}}],\"inLanguage\":\"en-US\"}]}<\/script>\n<!-- \/ Yoast SEO plugin. -->","yoast_head_json":{"title":"Recruiting centres - SonoFirst","robots":{"index":"index","follow":"follow","max-snippet":"max-snippet:-1","max-image-preview":"max-image-preview:large","max-video-preview":"max-video-preview:-1"},"canonical":"https:\/\/sonofirst-trial.eu\/en\/recruiting-centres\/","og_locale":"en_US","og_type":"article","og_title":"Recruiting centres - SonoFirst","og_description":"France : PARIS &#8211; Piti\u00e9-Salp\u00eatri\u00e8re Hospital Group (AP-HP Sorbonne) 47-86 bd de l&#8217;H\u00f4pital, 75013 PARIS Neuro-oncology: Pr Ahmed IDBAIH, MD, [&hellip;]","og_url":"https:\/\/sonofirst-trial.eu\/en\/recruiting-centres\/","og_site_name":"SonoFirst","article_modified_time":"2021-06-17T15:35:28+00:00","twitter_card":"summary_large_image","twitter_misc":{"Est. reading time":"1 minute"},"schema":{"@context":"https:\/\/schema.org","@graph":[{"@type":"WebPage","@id":"https:\/\/sonofirst-trial.eu\/en\/recruiting-centres\/","url":"https:\/\/sonofirst-trial.eu\/en\/recruiting-centres\/","name":"Recruiting centres - SonoFirst","isPartOf":{"@id":"https:\/\/sonofirst-trial.eu\/en\/#website"},"datePublished":"2021-06-17T14:24:35+00:00","dateModified":"2021-06-17T15:35:28+00:00","breadcrumb":{"@id":"https:\/\/sonofirst-trial.eu\/en\/recruiting-centres\/#breadcrumb"},"inLanguage":"en-US","potentialAction":[{"@type":"ReadAction","target":["https:\/\/sonofirst-trial.eu\/en\/recruiting-centres\/"]}]},{"@type":"BreadcrumbList","@id":"https:\/\/sonofirst-trial.eu\/en\/recruiting-centres\/#breadcrumb","itemListElement":[{"@type":"ListItem","position":1,"name":"Accueil","item":"https:\/\/sonofirst-trial.eu\/en\/"},{"@type":"ListItem","position":2,"name":"Recruiting centres"}]},{"@type":"WebSite","@id":"https:\/\/sonofirst-trial.eu\/en\/#website","url":"https:\/\/sonofirst-trial.eu\/en\/","name":"SonoFirst","description":"supported by the European Union","potentialAction":[{"@type":"SearchAction","target":{"@type":"EntryPoint","urlTemplate":"https:\/\/sonofirst-trial.eu\/en\/?s={search_term_string}"},"query-input":{"@type":"PropertyValueSpecification","valueRequired":true,"valueName":"search_term_string"}}],"inLanguage":"en-US"}]}},"_links":{"self":[{"href":"https:\/\/sonofirst-trial.eu\/en\/wp-json\/wp\/v2\/pages\/1192","targetHints":{"allow":["GET"]}}],"collection":[{"href":"https:\/\/sonofirst-trial.eu\/en\/wp-json\/wp\/v2\/pages"}],"about":[{"href":"https:\/\/sonofirst-trial.eu\/en\/wp-json\/wp\/v2\/types\/page"}],"author":[{"embeddable":true,"href":"https:\/\/sonofirst-trial.eu\/en\/wp-json\/wp\/v2\/users\/1"}],"replies":[{"embeddable":true,"href":"https:\/\/sonofirst-trial.eu\/en\/wp-json\/wp\/v2\/comments?post=1192"}],"version-history":[{"count":0,"href":"https:\/\/sonofirst-trial.eu\/en\/wp-json\/wp\/v2\/pages\/1192\/revisions"}],"wp:attachment":[{"href":"https:\/\/sonofirst-trial.eu\/en\/wp-json\/wp\/v2\/media?parent=1192"}],"curies":[{"name":"wp","href":"https:\/\/api.w.org\/{rel}","templated":true}]}}